{"id":6817,"date":"2023-09-05T11:39:41","date_gmt":"2023-09-05T09:39:41","guid":{"rendered":"https:\/\/pizzalandcaudebecencaux.fr\/?post_type=product&#038;p=6817"},"modified":"2023-09-05T11:39:43","modified_gmt":"2023-09-05T09:39:43","slug":"calzone","status":"publish","type":"product","link":"https:\/\/pizzalandcaudebecencaux.fr\/?product=calzone","title":{"rendered":"Calzone"},"content":{"rendered":"<p>Ma description<\/p>\n","protected":false},"excerpt":{"rendered":"<p>Tomate, Jets de cr\u00e8me fra\u00eeche, Mozzarella, cr\u00e8me fra\u00eeche, champignons, oeuf, Origan, Jambon<\/p>\n","protected":false},"featured_media":6545,"comment_status":"open","ping_status":"closed","template":"","meta":[],"product_cat":[96],"product_tag":[],"jetpack_sharing_enabled":true,"_links":{"self":[{"href":"https:\/\/pizzalandcaudebecencaux.fr\/index.php?rest_route=\/wp\/v2\/product\/6817"}],"collection":[{"href":"https:\/\/pizzalandcaudebecencaux.fr\/index.php?rest_route=\/wp\/v2\/product"}],"about":[{"href":"https:\/\/pizzalandcaudebecencaux.fr\/index.php?rest_route=\/wp\/v2\/types\/product"}],"replies":[{"embeddable":true,"href":"https:\/\/pizzalandcaudebecencaux.fr\/index.php?rest_route=%2Fwp%2Fv2%2Fcomments&post=6817"}],"wp:featuredmedia":[{"embeddable":true,"href":"https:\/\/pizzalandcaudebecencaux.fr\/index.php?rest_route=\/wp\/v2\/media\/6545"}],"wp:attachment":[{"href":"https:\/\/pizzalandcaudebecencaux.fr\/index.php?rest_route=%2Fwp%2Fv2%2Fmedia&parent=6817"}],"wp:term":[{"taxonomy":"product_cat","embeddable":true,"href":"https:\/\/pizzalandcaudebecencaux.fr\/index.php?rest_route=%2Fwp%2Fv2%2Fproduct_cat&post=6817"},{"taxonomy":"product_tag","embeddable":true,"href":"https:\/\/pizzalandcaudebecencaux.fr\/index.php?rest_route=%2Fwp%2Fv2%2Fproduct_tag&post=6817"}],"curies":[{"name":"wp","href":"https:\/\/api.w.org\/{rel}","templated":true}]}}