{"id":6834,"date":"2023-09-05T11:39:42","date_gmt":"2023-09-05T09:39:42","guid":{"rendered":"https:\/\/pizzalandcaudebecencaux.fr\/?post_type=product&#038;p=6834"},"modified":"2024-02-03T21:39:29","modified_gmt":"2024-02-03T20:39:29","slug":"chevre","status":"publish","type":"product","link":"https:\/\/pizzalandcaudebecencaux.fr\/?product=chevre","title":{"rendered":"Ch\u00e8vre"},"content":{"rendered":"<p>Ma description<\/p>\n","protected":false},"excerpt":{"rendered":"<p>Cr\u00e8me Fra\u00eeche, Mozzarella, ch\u00e8vre, pomme de terre, olives, persillade<\/p>\n","protected":false},"featured_media":6764,"comment_status":"open","ping_status":"closed","template":"","meta":[],"product_cat":[116,38],"product_tag":[],"jetpack_sharing_enabled":true,"_links":{"self":[{"href":"https:\/\/pizzalandcaudebecencaux.fr\/index.php?rest_route=\/wp\/v2\/product\/6834"}],"collection":[{"href":"https:\/\/pizzalandcaudebecencaux.fr\/index.php?rest_route=\/wp\/v2\/product"}],"about":[{"href":"https:\/\/pizzalandcaudebecencaux.fr\/index.php?rest_route=\/wp\/v2\/types\/product"}],"replies":[{"embeddable":true,"href":"https:\/\/pizzalandcaudebecencaux.fr\/index.php?rest_route=%2Fwp%2Fv2%2Fcomments&post=6834"}],"wp:featuredmedia":[{"embeddable":true,"href":"https:\/\/pizzalandcaudebecencaux.fr\/index.php?rest_route=\/wp\/v2\/media\/6764"}],"wp:attachment":[{"href":"https:\/\/pizzalandcaudebecencaux.fr\/index.php?rest_route=%2Fwp%2Fv2%2Fmedia&parent=6834"}],"wp:term":[{"taxonomy":"product_cat","embeddable":true,"href":"https:\/\/pizzalandcaudebecencaux.fr\/index.php?rest_route=%2Fwp%2Fv2%2Fproduct_cat&post=6834"},{"taxonomy":"product_tag","embeddable":true,"href":"https:\/\/pizzalandcaudebecencaux.fr\/index.php?rest_route=%2Fwp%2Fv2%2Fproduct_tag&post=6834"}],"curies":[{"name":"wp","href":"https:\/\/api.w.org\/{rel}","templated":true}]}}