{"id":6842,"date":"2023-09-05T11:40:00","date_gmt":"2023-09-05T09:40:00","guid":{"rendered":"https:\/\/pizzalandcaudebecencaux.fr\/?post_type=product&#038;p=6842"},"modified":"2023-09-05T13:12:40","modified_gmt":"2023-09-05T11:12:40","slug":"saumona","status":"publish","type":"product","link":"https:\/\/pizzalandcaudebecencaux.fr\/?product=saumona","title":{"rendered":"Saumona"},"content":{"rendered":"<p>Ma description<\/p>\n","protected":false},"excerpt":{"rendered":"<p>Cr\u00e8me Fra\u00eeche, Mozzarella, saumon fum\u00e9, persillade<\/p>\n","protected":false},"featured_media":6794,"comment_status":"open","ping_status":"closed","template":"","meta":[],"product_cat":[116],"product_tag":[],"jetpack_sharing_enabled":true,"_links":{"self":[{"href":"https:\/\/pizzalandcaudebecencaux.fr\/index.php?rest_route=\/wp\/v2\/product\/6842"}],"collection":[{"href":"https:\/\/pizzalandcaudebecencaux.fr\/index.php?rest_route=\/wp\/v2\/product"}],"about":[{"href":"https:\/\/pizzalandcaudebecencaux.fr\/index.php?rest_route=\/wp\/v2\/types\/product"}],"replies":[{"embeddable":true,"href":"https:\/\/pizzalandcaudebecencaux.fr\/index.php?rest_route=%2Fwp%2Fv2%2Fcomments&post=6842"}],"wp:featuredmedia":[{"embeddable":true,"href":"https:\/\/pizzalandcaudebecencaux.fr\/index.php?rest_route=\/wp\/v2\/media\/6794"}],"wp:attachment":[{"href":"https:\/\/pizzalandcaudebecencaux.fr\/index.php?rest_route=%2Fwp%2Fv2%2Fmedia&parent=6842"}],"wp:term":[{"taxonomy":"product_cat","embeddable":true,"href":"https:\/\/pizzalandcaudebecencaux.fr\/index.php?rest_route=%2Fwp%2Fv2%2Fproduct_cat&post=6842"},{"taxonomy":"product_tag","embeddable":true,"href":"https:\/\/pizzalandcaudebecencaux.fr\/index.php?rest_route=%2Fwp%2Fv2%2Fproduct_tag&post=6842"}],"curies":[{"name":"wp","href":"https:\/\/api.w.org\/{rel}","templated":true}]}}