{"id":6843,"date":"2023-09-05T11:40:00","date_gmt":"2023-09-05T09:40:00","guid":{"rendered":"https:\/\/pizzalandcaudebecencaux.fr\/?post_type=product&#038;p=6843"},"modified":"2024-02-03T21:29:11","modified_gmt":"2024-02-03T20:29:11","slug":"montagnarde","status":"publish","type":"product","link":"https:\/\/pizzalandcaudebecencaux.fr\/?product=montagnarde","title":{"rendered":"Montagnarde"},"content":{"rendered":"<p>Ma description<\/p>\n","protected":false},"excerpt":{"rendered":"<p>Cr\u00e8me Fra\u00eeche, Mozzarella, viande hach\u00e9e, bleu, ch\u00e8vre, oeuf, persillade<\/p>\n","protected":false},"featured_media":6792,"comment_status":"open","ping_status":"closed","template":"","meta":[],"product_cat":[116,38],"product_tag":[],"jetpack_sharing_enabled":true,"_links":{"self":[{"href":"https:\/\/pizzalandcaudebecencaux.fr\/index.php?rest_route=\/wp\/v2\/product\/6843"}],"collection":[{"href":"https:\/\/pizzalandcaudebecencaux.fr\/index.php?rest_route=\/wp\/v2\/product"}],"about":[{"href":"https:\/\/pizzalandcaudebecencaux.fr\/index.php?rest_route=\/wp\/v2\/types\/product"}],"replies":[{"embeddable":true,"href":"https:\/\/pizzalandcaudebecencaux.fr\/index.php?rest_route=%2Fwp%2Fv2%2Fcomments&post=6843"}],"wp:featuredmedia":[{"embeddable":true,"href":"https:\/\/pizzalandcaudebecencaux.fr\/index.php?rest_route=\/wp\/v2\/media\/6792"}],"wp:attachment":[{"href":"https:\/\/pizzalandcaudebecencaux.fr\/index.php?rest_route=%2Fwp%2Fv2%2Fmedia&parent=6843"}],"wp:term":[{"taxonomy":"product_cat","embeddable":true,"href":"https:\/\/pizzalandcaudebecencaux.fr\/index.php?rest_route=%2Fwp%2Fv2%2Fproduct_cat&post=6843"},{"taxonomy":"product_tag","embeddable":true,"href":"https:\/\/pizzalandcaudebecencaux.fr\/index.php?rest_route=%2Fwp%2Fv2%2Fproduct_tag&post=6843"}],"curies":[{"name":"wp","href":"https:\/\/api.w.org\/{rel}","templated":true}]}}